{"id":54,"date":"2024-03-08T08:33:58","date_gmt":"2024-03-08T08:33:58","guid":{"rendered":"https:\/\/pomocdrogowarobmax.pl\/?page_id=54"},"modified":"2024-03-08T09:18:41","modified_gmt":"2024-03-08T09:18:41","slug":"54-2","status":"publish","type":"page","link":"https:\/\/pomocdrogowarobmax.pl\/","title":{"rendered":""},"content":{"rendered":"\n<div class=\"wp-block-columns is-layout-flex wp-container-core-columns-is-layout-9d6595d7 wp-block-columns-is-layout-flex\">\n<div class=\"wp-block-column is-layout-flow wp-block-column-is-layout-flow\">\n<figure class=\"wp-block-gallery has-nested-images columns-default is-cropped wp-block-gallery-1 is-layout-flex wp-block-gallery-is-layout-flex\">\n<figure class=\"wp-block-image size-large\"><img loading=\"lazy\" decoding=\"async\" width=\"250\" height=\"250\" data-id=\"48\" src=\"https:\/\/pomocdrogowarobmax.pl\/wp-content\/uploads\/2024\/03\/cropped-3.jpg\" alt=\"\" class=\"wp-image-48\" srcset=\"https:\/\/pomocdrogowarobmax.pl\/wp-content\/uploads\/2024\/03\/cropped-3.jpg 250w, https:\/\/pomocdrogowarobmax.pl\/wp-content\/uploads\/2024\/03\/cropped-3-150x150.jpg 150w, https:\/\/pomocdrogowarobmax.pl\/wp-content\/uploads\/2024\/03\/cropped-3-100x100.jpg 100w\" sizes=\"auto, (max-width: 250px) 100vw, 250px\" \/><\/figure>\n\n\n\n<figure class=\"wp-block-image size-large\"><img loading=\"lazy\" decoding=\"async\" width=\"1024\" height=\"614\" data-id=\"47\" src=\"https:\/\/pomocdrogowarobmax.pl\/wp-content\/uploads\/2024\/03\/cropped-1-1024x614.jpg\" alt=\"\" class=\"wp-image-47\" srcset=\"https:\/\/pomocdrogowarobmax.pl\/wp-content\/uploads\/2024\/03\/cropped-1-1024x614.jpg 1024w, https:\/\/pomocdrogowarobmax.pl\/wp-content\/uploads\/2024\/03\/cropped-1-300x180.jpg 300w, https:\/\/pomocdrogowarobmax.pl\/wp-content\/uploads\/2024\/03\/cropped-1-768x461.jpg 768w, https:\/\/pomocdrogowarobmax.pl\/wp-content\/uploads\/2024\/03\/cropped-1-1536x922.jpg 1536w, https:\/\/pomocdrogowarobmax.pl\/wp-content\/uploads\/2024\/03\/cropped-1.jpg 2000w\" sizes=\"auto, (max-width: 767px) 89vw, (max-width: 1000px) 54vw, (max-width: 1071px) 543px, 580px\" \/><\/figure>\n\n\n\n<figure class=\"wp-block-image size-large\"><img loading=\"lazy\" decoding=\"async\" width=\"1024\" height=\"614\" data-id=\"43\" src=\"https:\/\/pomocdrogowarobmax.pl\/wp-content\/uploads\/2024\/03\/cropped-7-1024x614.jpg\" alt=\"\" class=\"wp-image-43\" srcset=\"https:\/\/pomocdrogowarobmax.pl\/wp-content\/uploads\/2024\/03\/cropped-7-1024x614.jpg 1024w, https:\/\/pomocdrogowarobmax.pl\/wp-content\/uploads\/2024\/03\/cropped-7-300x180.jpg 300w, https:\/\/pomocdrogowarobmax.pl\/wp-content\/uploads\/2024\/03\/cropped-7-768x461.jpg 768w, https:\/\/pomocdrogowarobmax.pl\/wp-content\/uploads\/2024\/03\/cropped-7-1536x922.jpg 1536w, https:\/\/pomocdrogowarobmax.pl\/wp-content\/uploads\/2024\/03\/cropped-7.jpg 2000w\" sizes=\"auto, (max-width: 767px) 89vw, (max-width: 1000px) 54vw, (max-width: 1071px) 543px, 580px\" \/><\/figure>\n\n\n\n<figure class=\"wp-block-image size-large\"><img loading=\"lazy\" decoding=\"async\" width=\"666\" height=\"666\" data-id=\"39\" src=\"https:\/\/pomocdrogowarobmax.pl\/wp-content\/uploads\/2024\/03\/cropped-6.jpg\" alt=\"\" class=\"wp-image-39\" srcset=\"https:\/\/pomocdrogowarobmax.pl\/wp-content\/uploads\/2024\/03\/cropped-6.jpg 666w, https:\/\/pomocdrogowarobmax.pl\/wp-content\/uploads\/2024\/03\/cropped-6-300x300.jpg 300w, https:\/\/pomocdrogowarobmax.pl\/wp-content\/uploads\/2024\/03\/cropped-6-150x150.jpg 150w, https:\/\/pomocdrogowarobmax.pl\/wp-content\/uploads\/2024\/03\/cropped-6-100x100.jpg 100w\" sizes=\"auto, (max-width: 666px) 100vw, 666px\" \/><\/figure>\n\n\n\n<figure class=\"wp-block-image size-large\"><img loading=\"lazy\" decoding=\"async\" width=\"1024\" height=\"490\" data-id=\"14\" src=\"https:\/\/pomocdrogowarobmax.pl\/wp-content\/uploads\/2024\/03\/8-1024x490.jpg\" alt=\"\" class=\"wp-image-14\" srcset=\"https:\/\/pomocdrogowarobmax.pl\/wp-content\/uploads\/2024\/03\/8-1024x490.jpg 1024w, https:\/\/pomocdrogowarobmax.pl\/wp-content\/uploads\/2024\/03\/8-300x143.jpg 300w, https:\/\/pomocdrogowarobmax.pl\/wp-content\/uploads\/2024\/03\/8-768x367.jpg 768w, https:\/\/pomocdrogowarobmax.pl\/wp-content\/uploads\/2024\/03\/8.jpg 1238w\" sizes=\"auto, (max-width: 767px) 89vw, (max-width: 1000px) 54vw, (max-width: 1071px) 543px, 580px\" \/><\/figure>\n\n\n\n<figure class=\"wp-block-image size-large\"><img loading=\"lazy\" decoding=\"async\" width=\"1024\" height=\"561\" data-id=\"12\" src=\"https:\/\/pomocdrogowarobmax.pl\/wp-content\/uploads\/2024\/03\/5-1024x561.jpg\" alt=\"\" class=\"wp-image-12\" srcset=\"https:\/\/pomocdrogowarobmax.pl\/wp-content\/uploads\/2024\/03\/5-1024x561.jpg 1024w, https:\/\/pomocdrogowarobmax.pl\/wp-content\/uploads\/2024\/03\/5-300x164.jpg 300w, https:\/\/pomocdrogowarobmax.pl\/wp-content\/uploads\/2024\/03\/5-768x420.jpg 768w, https:\/\/pomocdrogowarobmax.pl\/wp-content\/uploads\/2024\/03\/5.jpg 1233w\" sizes=\"auto, (max-width: 767px) 89vw, (max-width: 1000px) 54vw, (max-width: 1071px) 543px, 580px\" \/><\/figure>\n\n\n\n<figure class=\"wp-block-image size-large\"><img loading=\"lazy\" decoding=\"async\" width=\"1024\" height=\"553\" data-id=\"11\" src=\"https:\/\/pomocdrogowarobmax.pl\/wp-content\/uploads\/2024\/03\/4-1024x553.jpg\" alt=\"\" class=\"wp-image-11\" srcset=\"https:\/\/pomocdrogowarobmax.pl\/wp-content\/uploads\/2024\/03\/4-1024x553.jpg 1024w, https:\/\/pomocdrogowarobmax.pl\/wp-content\/uploads\/2024\/03\/4-300x162.jpg 300w, https:\/\/pomocdrogowarobmax.pl\/wp-content\/uploads\/2024\/03\/4-768x414.jpg 768w, https:\/\/pomocdrogowarobmax.pl\/wp-content\/uploads\/2024\/03\/4.jpg 1210w\" sizes=\"auto, (max-width: 767px) 89vw, (max-width: 1000px) 54vw, (max-width: 1071px) 543px, 580px\" \/><\/figure>\n\n\n\n<figure class=\"wp-block-image size-large\"><img loading=\"lazy\" decoding=\"async\" width=\"1024\" height=\"505\" data-id=\"9\" src=\"https:\/\/pomocdrogowarobmax.pl\/wp-content\/uploads\/2024\/03\/2-1024x505.jpg\" alt=\"\" class=\"wp-image-9\" srcset=\"https:\/\/pomocdrogowarobmax.pl\/wp-content\/uploads\/2024\/03\/2-1024x505.jpg 1024w, https:\/\/pomocdrogowarobmax.pl\/wp-content\/uploads\/2024\/03\/2-300x148.jpg 300w, https:\/\/pomocdrogowarobmax.pl\/wp-content\/uploads\/2024\/03\/2-768x379.jpg 768w, https:\/\/pomocdrogowarobmax.pl\/wp-content\/uploads\/2024\/03\/2.jpg 1357w\" sizes=\"auto, (max-width: 767px) 89vw, (max-width: 1000px) 54vw, (max-width: 1071px) 543px, 580px\" \/><\/figure>\n<\/figure>\n<\/div>\n<\/div>\n\n\n\n<div class=\"wp-block-columns is-layout-flex wp-container-core-columns-is-layout-9d6595d7 wp-block-columns-is-layout-flex\">\n<div class=\"wp-block-column is-layout-flow wp-block-column-is-layout-flow\" style=\"flex-basis:100%\">\n<div class=\"wp-block-group\"><div class=\"wp-block-group__inner-container is-layout-constrained wp-block-group-is-layout-constrained\">\n<div class=\"wp-block-columns is-layout-flex wp-container-core-columns-is-layout-9d6595d7 wp-block-columns-is-layout-flex\">\n<div class=\"wp-block-column is-layout-flow wp-block-column-is-layout-flow\">\n<div class=\"wp-block-media-text is-vertically-aligned-center\" style=\"grid-template-columns:15% auto\"><figure class=\"wp-block-media-text__media\"><img loading=\"lazy\" decoding=\"async\" width=\"297\" height=\"297\" src=\"https:\/\/pomocdrogowarobmax.pl\/wp-content\/uploads\/2024\/03\/telefon.png\" alt=\"\" class=\"wp-image-64 size-full\" srcset=\"https:\/\/pomocdrogowarobmax.pl\/wp-content\/uploads\/2024\/03\/telefon.png 297w, https:\/\/pomocdrogowarobmax.pl\/wp-content\/uploads\/2024\/03\/telefon-150x150.png 150w, https:\/\/pomocdrogowarobmax.pl\/wp-content\/uploads\/2024\/03\/telefon-100x100.png 100w\" sizes=\"auto, (max-width: 297px) 100vw, 297px\" \/><\/figure><div class=\"wp-block-media-text__content\">\n<p class=\"has-text-align-left\">Zadzwo\u0144: <a href=\"tel:+48501760133\">501 760 133<\/a><\/p>\n<\/div><\/div>\n<\/div>\n\n\n\n<div class=\"wp-block-column is-layout-flow wp-block-column-is-layout-flow\">\n<div class=\"wp-block-media-text\" style=\"grid-template-columns:15% auto\"><figure class=\"wp-block-media-text__media\"><img loading=\"lazy\" decoding=\"async\" width=\"512\" height=\"735\" src=\"https:\/\/pomocdrogowarobmax.pl\/wp-content\/uploads\/2024\/03\/map.png\" alt=\"\" class=\"wp-image-61 size-full\" srcset=\"https:\/\/pomocdrogowarobmax.pl\/wp-content\/uploads\/2024\/03\/map.png 512w, https:\/\/pomocdrogowarobmax.pl\/wp-content\/uploads\/2024\/03\/map-209x300.png 209w\" sizes=\"auto, (max-width: 512px) 100vw, 512px\" \/><\/figure><div class=\"wp-block-media-text__content\">\n<p>ul. Jeleniog\u00f3rska 56<br>54-056 Wroc\u0142aw<\/p>\n<\/div><\/div>\n<\/div>\n<\/div>\n<\/div><\/div>\n<\/div>\n<\/div>\n\n\n\n<p><\/p>\n","protected":false},"excerpt":{"rendered":"<p>Zadzwo\u0144: 501 760 133 ul. Jeleniog\u00f3rska 5654-056 Wroc\u0142aw<\/p>\n","protected":false},"author":1,"featured_media":0,"parent":0,"menu_order":0,"comment_status":"closed","ping_status":"closed","template":"","meta":{"footnotes":""},"class_list":["post-54","page","type-page","status-publish","hentry"],"_links":{"self":[{"href":"https:\/\/pomocdrogowarobmax.pl\/index.php\/wp-json\/wp\/v2\/pages\/54","targetHints":{"allow":["GET"]}}],"collection":[{"href":"https:\/\/pomocdrogowarobmax.pl\/index.php\/wp-json\/wp\/v2\/pages"}],"about":[{"href":"https:\/\/pomocdrogowarobmax.pl\/index.php\/wp-json\/wp\/v2\/types\/page"}],"author":[{"embeddable":true,"href":"https:\/\/pomocdrogowarobmax.pl\/index.php\/wp-json\/wp\/v2\/users\/1"}],"replies":[{"embeddable":true,"href":"https:\/\/pomocdrogowarobmax.pl\/index.php\/wp-json\/wp\/v2\/comments?post=54"}],"version-history":[{"count":9,"href":"https:\/\/pomocdrogowarobmax.pl\/index.php\/wp-json\/wp\/v2\/pages\/54\/revisions"}],"predecessor-version":[{"id":70,"href":"https:\/\/pomocdrogowarobmax.pl\/index.php\/wp-json\/wp\/v2\/pages\/54\/revisions\/70"}],"wp:attachment":[{"href":"https:\/\/pomocdrogowarobmax.pl\/index.php\/wp-json\/wp\/v2\/media?parent=54"}],"curies":[{"name":"wp","href":"https:\/\/api.w.org\/{rel}","templated":true}]}}